{"id":65,"date":"2021-09-15T20:41:01","date_gmt":"2021-09-15T23:41:01","guid":{"rendered":"http:\/\/localhost\/ppgll\/?page_id=65"},"modified":"2021-09-15T20:41:26","modified_gmt":"2021-09-15T23:41:26","slug":"presentation","status":"publish","type":"page","link":"https:\/\/fale.ufal.br\/ppgll\/en\/presentation\/","title":{"rendered":"Presentation"},"content":{"rendered":"<p>A Faculdade de Letras se constitui em uma Unidade Acad\u00eamica baseada na \u00e9tica e na responsabilidade social e destinada a formar professores\/as de l\u00ednguas e literaturas (Portugu\u00eas, Espanhol, Franc\u00eas, Ingl\u00eas e Libras), com vis\u00e3o ampliada para a pesquisa e a extens\u00e3o, buscando atender \u00e0 demanda da sociedade. Tendo por vis\u00e3o de futuro o reconhecimento, no Estado e no Pa\u00eds, da qualidade do ensino, da pesquisa e da extens\u00e3o, a Fale, desde sua cria\u00e7\u00e3o em 2006, tem apresentado avan\u00e7os significativos. Saliente-se a qualifica\u00e7\u00e3o de docentes por titula\u00e7\u00e3o, o n\u00famero de publica\u00e7\u00f5es cient\u00edficas, a amplia\u00e7\u00e3o do quadro docente e t\u00e9cnico-administrativo, o crescimento das atividades acad\u00eamicas e culturais extra-curriculares, incluindo a realiza\u00e7\u00e3o de um concurso liter\u00e1rio de abrang\u00eancia estadual, e de eventos cient\u00edficos locais e regionais e a melhoria da infra-estrutura f\u00edsica.<\/p>\n","protected":false},"excerpt":{"rendered":"<p>A Faculdade de Letras se constitui em uma Unidade Acad\u00eamica baseada na \u00e9tica e na responsabilidade social e destinada a [&hellip;]<\/p>\n","protected":false},"author":1,"featured_media":0,"parent":0,"menu_order":16,"comment_status":"closed","ping_status":"closed","template":"tpl\/tpl-page-about.php","meta":{"_acf_changed":false,"footnotes":""},"class_list":["post-65","page","type-page","status-publish","hentry"],"acf":[],"_links":{"self":[{"href":"https:\/\/fale.ufal.br\/ppgll\/en\/wp-json\/wp\/v2\/pages\/65","targetHints":{"allow":["GET"]}}],"collection":[{"href":"https:\/\/fale.ufal.br\/ppgll\/en\/wp-json\/wp\/v2\/pages"}],"about":[{"href":"https:\/\/fale.ufal.br\/ppgll\/en\/wp-json\/wp\/v2\/types\/page"}],"author":[{"embeddable":true,"href":"https:\/\/fale.ufal.br\/ppgll\/en\/wp-json\/wp\/v2\/users\/1"}],"replies":[{"embeddable":true,"href":"https:\/\/fale.ufal.br\/ppgll\/en\/wp-json\/wp\/v2\/comments?post=65"}],"version-history":[{"count":3,"href":"https:\/\/fale.ufal.br\/ppgll\/en\/wp-json\/wp\/v2\/pages\/65\/revisions"}],"predecessor-version":[{"id":68,"href":"https:\/\/fale.ufal.br\/ppgll\/en\/wp-json\/wp\/v2\/pages\/65\/revisions\/68"}],"wp:attachment":[{"href":"https:\/\/fale.ufal.br\/ppgll\/en\/wp-json\/wp\/v2\/media?parent=65"}],"curies":[{"name":"wp","href":"https:\/\/api.w.org\/{rel}","templated":true}]}}