{"id":72,"date":"2021-09-15T20:43:50","date_gmt":"2021-09-15T23:43:50","guid":{"rendered":"http:\/\/localhost\/ppgll\/?page_id=72"},"modified":"2025-06-03T15:44:10","modified_gmt":"2025-06-03T18:44:10","slug":"presentacion","status":"publish","type":"page","link":"https:\/\/fale.ufal.br\/ppgll\/es\/presentacion\/","title":{"rendered":"Presentaci\u00f3n"},"content":{"rendered":"<p>El Programa de Posgrado en Ling\u00fc\u00edstica y Literatura (PPGLL) de la Facultad de Letras (FALE) de la Universidad Federal de Alagoas (UFAL), creado en 1989, es el \u00fanico Programa de Posgrado (Maestr\u00eda y Doctorado) en el \u00e1rea de Ling\u00fc\u00edstica y Literatura del estado de Alagoas y, por lo tanto, de suma relevancia para la calificaci\u00f3n profesional y la mejora de los \u00edndices sociales en la regi\u00f3n. Durante m\u00e1s de 30 a\u00f1os de historia, el PPGLL \/ FALE \/ UFAL ha contribuido tanto a la formaci\u00f3n de profesores investigadores, con inserci\u00f3n en las modalidades de educaci\u00f3n superior o educaci\u00f3n primaria\/secundaria, tanto p\u00fablica como privada, en Brasil, as\u00ed como para otras actividades que demandan conocimientos sobre el lenguaje desarrollado en las l\u00edneas del Programa.<\/p>\n","protected":false},"excerpt":{"rendered":"<p>El Programa de Posgrado en Ling\u00fc\u00edstica y Literatura (PPGLL) de la Facultad de Letras (FALE) de la Universidad Federal de [&hellip;]<\/p>\n","protected":false},"author":1,"featured_media":0,"parent":0,"menu_order":18,"comment_status":"closed","ping_status":"closed","template":"tpl\/tpl-page-about.php","meta":{"_acf_changed":false,"footnotes":""},"class_list":["post-72","page","type-page","status-publish","hentry"],"acf":[],"_links":{"self":[{"href":"https:\/\/fale.ufal.br\/ppgll\/es\/wp-json\/wp\/v2\/pages\/72","targetHints":{"allow":["GET"]}}],"collection":[{"href":"https:\/\/fale.ufal.br\/ppgll\/es\/wp-json\/wp\/v2\/pages"}],"about":[{"href":"https:\/\/fale.ufal.br\/ppgll\/es\/wp-json\/wp\/v2\/types\/page"}],"author":[{"embeddable":true,"href":"https:\/\/fale.ufal.br\/ppgll\/es\/wp-json\/wp\/v2\/users\/1"}],"replies":[{"embeddable":true,"href":"https:\/\/fale.ufal.br\/ppgll\/es\/wp-json\/wp\/v2\/comments?post=72"}],"version-history":[{"count":3,"href":"https:\/\/fale.ufal.br\/ppgll\/es\/wp-json\/wp\/v2\/pages\/72\/revisions"}],"predecessor-version":[{"id":3974,"href":"https:\/\/fale.ufal.br\/ppgll\/es\/wp-json\/wp\/v2\/pages\/72\/revisions\/3974"}],"wp:attachment":[{"href":"https:\/\/fale.ufal.br\/ppgll\/es\/wp-json\/wp\/v2\/media?parent=72"}],"curies":[{"name":"wp","href":"https:\/\/api.w.org\/{rel}","templated":true}]}}