{"id":96,"date":"2021-09-15T20:55:02","date_gmt":"2021-09-15T23:55:02","guid":{"rendered":"http:\/\/localhost\/ppgll\/apresentacao\/missao\/"},"modified":"2025-06-03T15:58:10","modified_gmt":"2025-06-03T18:58:10","slug":"mision","status":"publish","type":"page","link":"https:\/\/fale.ufal.br\/ppgll\/es\/presentacion\/mision\/","title":{"rendered":"Misi\u00f3n"},"content":{"rendered":"<p><span style=\"font-weight: 400;\">El PPGLL tiene como <\/span><b>objetivo general<\/b><span style=\"font-weight: 400;\"> formar investigadores en las \u00e1reas de concentraci\u00f3n de Ling\u00fc\u00edstica y Estudios Literarios con excelencia acad\u00e9mica para el ejercicio calificado de la docencia y la investigaci\u00f3n y para la difusi\u00f3n de la producci\u00f3n cient\u00edfica de calidad en estas \u00e1reas, con el fin de llegar a contextos sociales m\u00e1s amplios.<\/span><\/p>\n","protected":false},"excerpt":{"rendered":"<p>El PPGLL tiene como objetivo general formar investigadores en las \u00e1reas de concentraci\u00f3n de Ling\u00fc\u00edstica y Estudios Literarios con excelencia [&hellip;]<\/p>\n","protected":false},"author":1,"featured_media":0,"parent":72,"menu_order":24,"comment_status":"closed","ping_status":"closed","template":"tpl\/tpl-page-about.php","meta":{"_acf_changed":false,"footnotes":""},"class_list":["post-96","page","type-page","status-publish","hentry"],"acf":[],"_links":{"self":[{"href":"https:\/\/fale.ufal.br\/ppgll\/es\/wp-json\/wp\/v2\/pages\/96","targetHints":{"allow":["GET"]}}],"collection":[{"href":"https:\/\/fale.ufal.br\/ppgll\/es\/wp-json\/wp\/v2\/pages"}],"about":[{"href":"https:\/\/fale.ufal.br\/ppgll\/es\/wp-json\/wp\/v2\/types\/page"}],"author":[{"embeddable":true,"href":"https:\/\/fale.ufal.br\/ppgll\/es\/wp-json\/wp\/v2\/users\/1"}],"replies":[{"embeddable":true,"href":"https:\/\/fale.ufal.br\/ppgll\/es\/wp-json\/wp\/v2\/comments?post=96"}],"version-history":[{"count":3,"href":"https:\/\/fale.ufal.br\/ppgll\/es\/wp-json\/wp\/v2\/pages\/96\/revisions"}],"predecessor-version":[{"id":3979,"href":"https:\/\/fale.ufal.br\/ppgll\/es\/wp-json\/wp\/v2\/pages\/96\/revisions\/3979"}],"up":[{"embeddable":true,"href":"https:\/\/fale.ufal.br\/ppgll\/es\/wp-json\/wp\/v2\/pages\/72"}],"wp:attachment":[{"href":"https:\/\/fale.ufal.br\/ppgll\/es\/wp-json\/wp\/v2\/media?parent=96"}],"curies":[{"name":"wp","href":"https:\/\/api.w.org\/{rel}","templated":true}]}}