{"id":105,"date":"2021-09-15T20:57:10","date_gmt":"2021-09-15T23:57:10","guid":{"rendered":"http:\/\/localhost\/ppgll\/presentation\/perfil-do-egresso\/"},"modified":"2021-09-15T20:58:41","modified_gmt":"2021-09-15T23:58:41","slug":"profil-diplome","status":"publish","type":"page","link":"https:\/\/fale.ufal.br\/ppgll\/fr\/presentation\/profil-diplome\/","title":{"rendered":"Profil dipl\u00f4m\u00e9"},"content":{"rendered":"<p>O PPGLL visa formar pesquisadores e docentes nas linhas de pesquisa em estudos lingu\u00edsticos e liter\u00e1rios abrangidas pelo Programa, titulados com o grau de Mestre ou Doutor, qualificando-os para a investiga\u00e7\u00e3o interdisciplinar nos diferentes campos de estudo da Lingu\u00edstica ou da Literatura, tendo como foco o funcionamento da linguagem em suas diferentes perspectivas e interfaces. Al\u00e9m disso, visa formar profissionais para atuarem de forma competente e cr\u00edtica na educa\u00e7\u00e3o, no ensino e na aprendizagem de l\u00ednguas e literaturas, em atividades de orienta\u00e7\u00e3o e extens\u00e3o nas \u00e1reas de Lingu\u00edstica e Literatura, de elabora\u00e7\u00e3o de pol\u00edticas p\u00fablicas nas referidas \u00e1reas e em atividades de \u00e1reas afins, assim como na fonoaudiologia, no servi\u00e7o social, na sociologia, na filosofia, na psican\u00e1lise e na comunica\u00e7\u00e3o social.<\/p>\n","protected":false},"excerpt":{"rendered":"<p>O PPGLL visa formar pesquisadores e docentes nas linhas de pesquisa em estudos lingu\u00edsticos e liter\u00e1rios abrangidas pelo Programa, titulados [&hellip;]<\/p>\n","protected":false},"author":1,"featured_media":0,"parent":69,"menu_order":34,"comment_status":"closed","ping_status":"closed","template":"tpl\/tpl-page-about-egressos.php","meta":{"_acf_changed":false,"footnotes":""},"class_list":["post-105","page","type-page","status-publish","hentry"],"acf":[],"_links":{"self":[{"href":"https:\/\/fale.ufal.br\/ppgll\/fr\/wp-json\/wp\/v2\/pages\/105","targetHints":{"allow":["GET"]}}],"collection":[{"href":"https:\/\/fale.ufal.br\/ppgll\/fr\/wp-json\/wp\/v2\/pages"}],"about":[{"href":"https:\/\/fale.ufal.br\/ppgll\/fr\/wp-json\/wp\/v2\/types\/page"}],"author":[{"embeddable":true,"href":"https:\/\/fale.ufal.br\/ppgll\/fr\/wp-json\/wp\/v2\/users\/1"}],"replies":[{"embeddable":true,"href":"https:\/\/fale.ufal.br\/ppgll\/fr\/wp-json\/wp\/v2\/comments?post=105"}],"version-history":[{"count":1,"href":"https:\/\/fale.ufal.br\/ppgll\/fr\/wp-json\/wp\/v2\/pages\/105\/revisions"}],"predecessor-version":[{"id":110,"href":"https:\/\/fale.ufal.br\/ppgll\/fr\/wp-json\/wp\/v2\/pages\/105\/revisions\/110"}],"up":[{"embeddable":true,"href":"https:\/\/fale.ufal.br\/ppgll\/fr\/wp-json\/wp\/v2\/pages\/69"}],"wp:attachment":[{"href":"https:\/\/fale.ufal.br\/ppgll\/fr\/wp-json\/wp\/v2\/media?parent=105"}],"curies":[{"name":"wp","href":"https:\/\/api.w.org\/{rel}","templated":true}]}}