{"id":115,"date":"2021-09-15T20:59:18","date_gmt":"2021-09-15T23:59:18","guid":{"rendered":"http:\/\/localhost\/ppgll\/presentation\/infraestrutura\/"},"modified":"2021-09-15T21:04:29","modified_gmt":"2021-09-16T00:04:29","slug":"infrastructure","status":"publish","type":"page","link":"https:\/\/fale.ufal.br\/ppgll\/fr\/presentation\/infrastructure\/","title":{"rendered":"Infrastructure"},"content":{"rendered":"<p>O PPGLL possui 1 sala de Coordenadoria, 1 sala de Secretaria da Coordena\u00e7\u00e3o, 1 sala de Secretaria Discente, 1 sala para almoxarifado, 2 Espa\u00e7os para Biblioteca Setorial Arriete Vilela, 2 laborat\u00f3rios, 1 sala para aulas\/reuni\u00f5es\/defesas (docentes\/discentes), 11 salas de n\u00facleos de pesquisa, 1 mini-audit\u00f3rios com capacidade para 80 lugares, compartilhado com a Faculdade de Letras, 15 salas de aula. Todos os professores disp\u00f5em de sala de perman\u00eancia e de atendimento aos alunos. Todo o espa\u00e7o tem acesso \u00e0 internet wireless, garantindo-se o uso do Portal de Peri\u00f3dicos da CAPES.<\/p>\n","protected":false},"excerpt":{"rendered":"<p>O PPGLL possui 1 sala de Coordenadoria, 1 sala de Secretaria da Coordena\u00e7\u00e3o, 1 sala de Secretaria Discente, 1 sala [&hellip;]<\/p>\n","protected":false},"author":1,"featured_media":0,"parent":69,"menu_order":40,"comment_status":"closed","ping_status":"closed","template":"tpl\/tpl-page-about-infrastructure.php","meta":{"_acf_changed":false,"footnotes":""},"class_list":["post-115","page","type-page","status-publish","hentry"],"acf":[],"_links":{"self":[{"href":"https:\/\/fale.ufal.br\/ppgll\/fr\/wp-json\/wp\/v2\/pages\/115","targetHints":{"allow":["GET"]}}],"collection":[{"href":"https:\/\/fale.ufal.br\/ppgll\/fr\/wp-json\/wp\/v2\/pages"}],"about":[{"href":"https:\/\/fale.ufal.br\/ppgll\/fr\/wp-json\/wp\/v2\/types\/page"}],"author":[{"embeddable":true,"href":"https:\/\/fale.ufal.br\/ppgll\/fr\/wp-json\/wp\/v2\/users\/1"}],"replies":[{"embeddable":true,"href":"https:\/\/fale.ufal.br\/ppgll\/fr\/wp-json\/wp\/v2\/comments?post=115"}],"version-history":[{"count":1,"href":"https:\/\/fale.ufal.br\/ppgll\/fr\/wp-json\/wp\/v2\/pages\/115\/revisions"}],"predecessor-version":[{"id":118,"href":"https:\/\/fale.ufal.br\/ppgll\/fr\/wp-json\/wp\/v2\/pages\/115\/revisions\/118"}],"up":[{"embeddable":true,"href":"https:\/\/fale.ufal.br\/ppgll\/fr\/wp-json\/wp\/v2\/pages\/69"}],"wp:attachment":[{"href":"https:\/\/fale.ufal.br\/ppgll\/fr\/wp-json\/wp\/v2\/media?parent=115"}],"curies":[{"name":"wp","href":"https:\/\/api.w.org\/{rel}","templated":true}]}}