{"id":159,"date":"2021-09-16T16:16:03","date_gmt":"2021-09-16T19:16:03","guid":{"rendered":"http:\/\/localhost\/ppgll\/?page_id=159"},"modified":"2021-11-04T06:08:57","modified_gmt":"2021-11-04T09:08:57","slug":"insercao-social","status":"publish","type":"page","link":"https:\/\/fale.ufal.br\/ppgll\/apresentacao\/insercao-social\/","title":{"rendered":"Inser\u00e7\u00e3o social"},"content":{"rendered":"<p>O Programa de P\u00f3s-Gradua\u00e7\u00e3o em Lingu\u00edstica e Literatura da Universidade Federal de Alagoas (PPGLL\/UFAL) atua em rela\u00e7\u00e3o din\u00e2mica, responsiva e respons\u00e1vel para com a vida social. Sendo o \u00fanico PPG stricto sensu p\u00fablico e gratuito na \u00e1rea de Letras em todo o estado de Alagoas constitui-se a partir do trabalho coletivo de seus discentes, docentes, t\u00e9cnicos administrativos e comunidade atendida. Trabalho que responde \u00e0s demandas sociais de Alagoas e de regi\u00e3o circunvizinha: situado no estado com o pior \u00cdndice de Desenvolvimento Humano (IDH) de toda a federa\u00e7\u00e3o (27\u00ba lugar, IBGE\/2020), o Programa tem, no seio de seus objetivos, a transforma\u00e7\u00e3o da realidade social em que se inscreve e a multiplica\u00e7\u00e3o dos saberes, processos e produtos desenvolvidos no \u00e2mbito universit\u00e1rio.<\/p>\n<p>A inser\u00e7\u00e3o social de uma institui\u00e7\u00e3o se mede a partir dos efeitos de suas a\u00e7\u00f5es, o impacto na sociedade, segundo sua natureza e objetivos. Assim, podemos indicar, fundamentalmente, tr\u00eas conjuntos de a\u00e7\u00f5es.<\/p>\n","protected":false},"excerpt":{"rendered":"<p>O Programa de P\u00f3s-Gradua\u00e7\u00e3o em Lingu\u00edstica e Literatura da Universidade Federal de Alagoas (PPGLL\/UFAL) atua em rela\u00e7\u00e3o din\u00e2mica, responsiva e [&hellip;]<\/p>\n","protected":false},"author":1,"featured_media":0,"parent":55,"menu_order":27,"comment_status":"closed","ping_status":"closed","template":"tpl\/tpl-page-about.php","meta":{"_acf_changed":false,"footnotes":""},"class_list":["post-159","page","type-page","status-publish","hentry"],"acf":[],"_links":{"self":[{"href":"https:\/\/fale.ufal.br\/ppgll\/wp-json\/wp\/v2\/pages\/159","targetHints":{"allow":["GET"]}}],"collection":[{"href":"https:\/\/fale.ufal.br\/ppgll\/wp-json\/wp\/v2\/pages"}],"about":[{"href":"https:\/\/fale.ufal.br\/ppgll\/wp-json\/wp\/v2\/types\/page"}],"author":[{"embeddable":true,"href":"https:\/\/fale.ufal.br\/ppgll\/wp-json\/wp\/v2\/users\/1"}],"replies":[{"embeddable":true,"href":"https:\/\/fale.ufal.br\/ppgll\/wp-json\/wp\/v2\/comments?post=159"}],"version-history":[{"count":10,"href":"https:\/\/fale.ufal.br\/ppgll\/wp-json\/wp\/v2\/pages\/159\/revisions"}],"predecessor-version":[{"id":630,"href":"https:\/\/fale.ufal.br\/ppgll\/wp-json\/wp\/v2\/pages\/159\/revisions\/630"}],"up":[{"embeddable":true,"href":"https:\/\/fale.ufal.br\/ppgll\/wp-json\/wp\/v2\/pages\/55"}],"wp:attachment":[{"href":"https:\/\/fale.ufal.br\/ppgll\/wp-json\/wp\/v2\/media?parent=159"}],"curies":[{"name":"wp","href":"https:\/\/api.w.org\/{rel}","templated":true}]}}