{"id":1601,"date":"2022-05-05T20:58:12","date_gmt":"2022-05-05T23:58:12","guid":{"rendered":"https:\/\/sites.ufal.br\/ppgll\/?page_id=1601"},"modified":"2026-02-04T12:50:14","modified_gmt":"2026-02-04T15:50:14","slug":"calendario-do-curso","status":"publish","type":"page","link":"https:\/\/fale.ufal.br\/ppgll\/calendario-do-curso\/","title":{"rendered":"Calend\u00e1rio do Curso"},"content":{"rendered":"<h3><strong><a href=\"https:\/\/fale.ufal.br\/ppgll\/wp-content\/uploads\/2026\/02\/Calendario-2026.1-PPGLL.pdf\">Calend\u00e1rio 2026.1<\/a><\/strong><\/h3>\n<p>Aprovado Ad referendum pela Coordena\u00e7\u00e3o do PPGLL em 01\/12\/2025<\/p>\n<h3><a href=\"https:\/\/fale.ufal.br\/ppgll\/wp-content\/uploads\/2025\/06\/CALENDARIO-2025.2-PPGLL.pdf.pdf\">Calend\u00e1rio\u00a0 2025.2<\/a><\/h3>\n<p>Aprovado <em>Ad Referendum<\/em> pela Coordena\u00e7\u00e3o do PPGLL em 17\/06\/2025.<\/p>\n<h3><a href=\"https:\/\/fale.ufal.br\/ppgll\/wp-content\/uploads\/2025\/05\/Calendario_2025_1_Rev-maio.pdf\">Calend\u00e1rio_2025.1<\/a><\/h3>\n<p>Aprovado na reuni\u00e3o do Colegiado do PPGLL em 18\/12\/2025.<\/p>\n<h4><a href=\"https:\/\/fale.ufal.br\/ppgll\/wp-content\/uploads\/2024\/08\/PPGLL_-Calendario_2024_2-1.pdf\">Calend\u00e1rio 2024.2\u00a0<\/a><\/h4>\n<p>Aprovado na reuni\u00e3o do Colegiado do PPGLL em 03\/07\/2024.<\/p>\n<h4><a href=\"https:\/\/fale.ufal.br\/ppgll\/wp-content\/uploads\/2024\/02\/PPGLL_-Calendario_2024_1-.pdf\">Calend\u00e1rio 2024.1<\/a><\/h4>\n<p>Aprovado na reuni\u00e3o do Colegiado do PPGLL em 13\/12\/2023.<\/p>\n<h4><a href=\"https:\/\/fale.ufal.br\/ppgll\/wp-content\/uploads\/2023\/06\/PPGLL_Calendario_2Sem2023_-1.pdf\">Calend\u00e1rio 2023.2<\/a><a href=\"https:\/\/fale.ufal.br\/ppgll\/wp-content\/uploads\/2024\/12\/Calendario_2025_1-1.pdf\">Calend\u00e1rio_2025_1<\/a><\/h4>\n<p>Aprovado na reuni\u00e3o do Colegiado do PPGLL em 31\/05\/2023.<\/p>\n<h4><a href=\"https:\/\/fale.ufal.br\/ppgll\/wp-content\/uploads\/2023\/01\/PPGLL_Minuta-Calendario_1Sem2023_Atualizado-06-de-marco.pdf\"><strong>Calend\u00e1rio 2023.1<\/strong><\/a><\/h4>\n<p>Aprovado na reuni\u00e3o do Colegiado do PPGLL em 14\/12\/2022.<\/p>\n<h4><strong><a href=\"https:\/\/fale.ufal.br\/ppgll\/wp-content\/uploads\/2022\/07\/PPGLL_Minuta-Calendario_2Sem2022_Aprovado-13Julho.pdf\">Calend\u00e1rio 2022.2<\/a><\/strong><\/h4>\n<p>Aprovado na reuni\u00e3o do Colegiado do PPGLL em 15\/06\/2022 (atualizado em 13\/07\/22).<\/p>\n<h4><strong><a href=\"https:\/\/sites.ufal.br\/ppgll\/calendario-2022-1\/\" target=\"_blank\" rel=\"noopener\">Calend\u00e1rio 2022.1<\/a><\/strong><\/h4>\n<p>Aprovado na reuni\u00e3o do Colegiado do PPGLL em 15\/12\/2021.<\/p>\n<h4><strong><a href=\"https:\/\/sites.ufal.br\/ppgll\/calendario-2021-2\/\" target=\"_blank\" rel=\"noopener\">Calend\u00e1rio 2021.2<\/a><\/strong><\/h4>\n<p>Aprovado na reuni\u00e3o do Colegiado do PPGLL em 30\/06\/2021.<\/p>\n<p>&nbsp;<\/p>\n","protected":false},"excerpt":{"rendered":"<p>Calend\u00e1rio 2026.1 Aprovado Ad referendum pela Coordena\u00e7\u00e3o do PPGLL em 01\/12\/2025 Calend\u00e1rio\u00a0 2025.2 Aprovado Ad Referendum pela Coordena\u00e7\u00e3o do PPGLL [&hellip;]<\/p>\n","protected":false},"author":2,"featured_media":0,"parent":0,"menu_order":10,"comment_status":"closed","ping_status":"closed","template":"","meta":{"_acf_changed":false,"footnotes":""},"class_list":["post-1601","page","type-page","status-publish","hentry"],"acf":[],"_links":{"self":[{"href":"https:\/\/fale.ufal.br\/ppgll\/wp-json\/wp\/v2\/pages\/1601","targetHints":{"allow":["GET"]}}],"collection":[{"href":"https:\/\/fale.ufal.br\/ppgll\/wp-json\/wp\/v2\/pages"}],"about":[{"href":"https:\/\/fale.ufal.br\/ppgll\/wp-json\/wp\/v2\/types\/page"}],"author":[{"embeddable":true,"href":"https:\/\/fale.ufal.br\/ppgll\/wp-json\/wp\/v2\/users\/2"}],"replies":[{"embeddable":true,"href":"https:\/\/fale.ufal.br\/ppgll\/wp-json\/wp\/v2\/comments?post=1601"}],"version-history":[{"count":57,"href":"https:\/\/fale.ufal.br\/ppgll\/wp-json\/wp\/v2\/pages\/1601\/revisions"}],"predecessor-version":[{"id":4420,"href":"https:\/\/fale.ufal.br\/ppgll\/wp-json\/wp\/v2\/pages\/1601\/revisions\/4420"}],"wp:attachment":[{"href":"https:\/\/fale.ufal.br\/ppgll\/wp-json\/wp\/v2\/media?parent=1601"}],"curies":[{"name":"wp","href":"https:\/\/api.w.org\/{rel}","templated":true}]}}