{"id":163,"date":"2021-09-16T16:17:59","date_gmt":"2021-09-16T19:17:59","guid":{"rendered":"http:\/\/localhost\/ppgll\/?page_id=163"},"modified":"2021-11-03T17:37:26","modified_gmt":"2021-11-03T20:37:26","slug":"intercambios","status":"publish","type":"page","link":"https:\/\/fale.ufal.br\/ppgll\/apresentacao\/intercambios\/","title":{"rendered":"Interc\u00e2mbios"},"content":{"rendered":"<p>O PPGLL\/UFAL realiza interc\u00e2mbios com institui\u00e7\u00f5es de ensino e pesquisa nacionais e internacionais, com vistas a propiciar o fluxo cont\u00ednuo de conhecimento, pesquisas e pessoal. As principais formas de realiza\u00e7\u00e3o de interc\u00e2mbios neste PPG s\u00e3o:<\/p>\n<blockquote><p>a) participa\u00e7\u00e3o de docentes em grupos de pesquisas e em projetos de outras institui\u00e7\u00f5es;<\/p>\n<p>b) participa\u00e7\u00e3o de docentes de outras institui\u00e7\u00f5es em grupos de pesquisa e em projetos sediados na UFAL;<\/p>\n<p>c) realiza\u00e7\u00e3o de eventos acad\u00eamico-cient\u00edficos em parceria com docentes e pesquisadores de outras institui\u00e7\u00f5es nacionais e internacionais;<\/p>\n<p>d) colabora\u00e7\u00e3o entre PPGs, por meio de participa\u00e7\u00f5es em bancas e eventos acad\u00eamicos;<\/p>\n<p>e) realiza\u00e7\u00e3o de est\u00e1gios de p\u00f3s-doutorado (pesquisadores de outras IES nacionais que realizam p\u00f3s-doc no PPGLL; docentes do PPGLL que realizam p\u00f3s-doc em outras IES, especialmente em universidades no exterior);<\/p>\n<p>f) promo\u00e7\u00e3o de doutorados sandu\u00edche de discentes;<\/p>\n<p>g) participa\u00e7\u00e3o de docentes em eventos fora do pa\u00eds; e<\/p>\n<p>h) realiza\u00e7\u00e3o de atividades (semin\u00e1rios, palestras, minicursos) ministradas por pesquisadores estrangeiros no Programa e por professores do Programa no exterior.<\/p><\/blockquote>\n<p>O PPGLL entende que as coopera\u00e7\u00f5es interinstitucionais, interpa\u00edses e intercontinentais propiciam o interc\u00e2mbio de pessoal e de projetos, com tr\u00e2nsito in e out de docentes e discentes entre PPGs e pa\u00edses, movimentos que resultam na internacionaliza\u00e7\u00e3o da produ\u00e7\u00e3o e de produtos de desenvolvimento conjunto, com visibilidade no cen\u00e1rio nacional e estrangeiro.<\/p>\n","protected":false},"excerpt":{"rendered":"<p>O PPGLL\/UFAL realiza interc\u00e2mbios com institui\u00e7\u00f5es de ensino e pesquisa nacionais e internacionais, com vistas a propiciar o fluxo cont\u00ednuo [&hellip;]<\/p>\n","protected":false},"author":1,"featured_media":0,"parent":55,"menu_order":33,"comment_status":"closed","ping_status":"closed","template":"tpl\/tpl-page-about.php","meta":{"_acf_changed":false,"footnotes":""},"class_list":["post-163","page","type-page","status-publish","hentry"],"acf":[],"_links":{"self":[{"href":"https:\/\/fale.ufal.br\/ppgll\/wp-json\/wp\/v2\/pages\/163","targetHints":{"allow":["GET"]}}],"collection":[{"href":"https:\/\/fale.ufal.br\/ppgll\/wp-json\/wp\/v2\/pages"}],"about":[{"href":"https:\/\/fale.ufal.br\/ppgll\/wp-json\/wp\/v2\/types\/page"}],"author":[{"embeddable":true,"href":"https:\/\/fale.ufal.br\/ppgll\/wp-json\/wp\/v2\/users\/1"}],"replies":[{"embeddable":true,"href":"https:\/\/fale.ufal.br\/ppgll\/wp-json\/wp\/v2\/comments?post=163"}],"version-history":[{"count":8,"href":"https:\/\/fale.ufal.br\/ppgll\/wp-json\/wp\/v2\/pages\/163\/revisions"}],"predecessor-version":[{"id":607,"href":"https:\/\/fale.ufal.br\/ppgll\/wp-json\/wp\/v2\/pages\/163\/revisions\/607"}],"up":[{"embeddable":true,"href":"https:\/\/fale.ufal.br\/ppgll\/wp-json\/wp\/v2\/pages\/55"}],"wp:attachment":[{"href":"https:\/\/fale.ufal.br\/ppgll\/wp-json\/wp\/v2\/media?parent=163"}],"curies":[{"name":"wp","href":"https:\/\/api.w.org\/{rel}","templated":true}]}}