{"id":1781,"date":"2022-05-09T00:43:16","date_gmt":"2022-05-09T03:43:16","guid":{"rendered":"https:\/\/sites.ufal.br\/ppgll\/?page_id=1781"},"modified":"2025-10-09T16:47:33","modified_gmt":"2025-10-09T19:47:33","slug":"modelos","status":"publish","type":"page","link":"https:\/\/fale.ufal.br\/ppgll\/modelos\/","title":{"rendered":"Modelos"},"content":{"rendered":"<h3>MODELOS DIVERSOS.<\/h3>\n<p>&nbsp;<\/p>\n<p>MODELO: <a href=\"https:\/\/fale.ufal.br\/ppgll\/wp-content\/uploads\/2024\/07\/Modelo_relatorio-atividades-bolsistas.docx\">MODELO DE RELAT\u00d3RIO DE ATIVIDADES SEMESTRAIS DE BOLSISTAS &#8211; JUL\/2024<\/a> &#8211;\u00a0<a href=\"https:\/\/fale.ufal.br\/ppgll\/wp-content\/uploads\/2024\/07\/Modelo_relatorio-atividades-bolsistas.docx\">Modelo_relat\u00f3rio atividades bolsistas<\/a><\/p>\n<p>MODELO DE RELAT\u00d3RIO DE ATIVIDADES SEMESTRAIS DE BOLSISTAS<\/p>\n<p>&nbsp;<\/p>\n<p>OF\u00cdCIO: <a href=\"https:\/\/sites.ufal.br\/ppgll\/wp-content\/uploads\/2022\/05\/Qualificacao.docx\" target=\"_blank\" rel=\"noopener\">MARCA\u00c7\u00c3O DE EXAME DE QUALIFICA\u00c7\u00c3O<\/a><\/p>\n<p>MODELO DE OF\u00cdCIO PARA MARCA\u00c7\u00c3O DE EXAME DE QUALIFICA\u00c7\u00c3O.<\/p>\n<p>&nbsp;<\/p>\n<p>OF\u00cdCIO: <a href=\"https:\/\/sites.ufal.br\/ppgll\/wp-content\/uploads\/2022\/05\/Defesa-Mestrado.docx\" target=\"_blank\" rel=\"noopener\">MARCA\u00c7\u00c3O DE DEFESA DE MESTRADO<\/a><\/p>\n<p>MODELO DE OF\u00cdCIO PARA MARCA\u00c7\u00c3O DE BANCA DE DEFESA DE MESTRADO.<\/p>\n<p>&nbsp;<\/p>\n<p>OF\u00cdCIO: <a href=\"https:\/\/sites.ufal.br\/ppgll\/wp-content\/uploads\/2022\/05\/Defesa-Doutorado.docx\" target=\"_blank\" rel=\"noopener\">MARCA\u00c7\u00c3O DE DEFESA DE DOUTORADO<\/a><\/p>\n<p>MODELO DE OF\u00cdCIO PARA MARCA\u00c7\u00c3O DE BANCA DE DEFESA DE DOUTORADO.<\/p>\n<p>&nbsp;<\/p>\n<p><a href=\"https:\/\/sites.ufal.br\/ppgll\/wp-content\/uploads\/2022\/05\/Declaracao-de-aprovacao-da-versao-final-do-trabalho-de-dissertacao-tese.docx\" target=\"_blank\" rel=\"noopener\">DECLARA\u00c7\u00c3O DE APROVA\u00c7\u00c3O DA VERS\u00c3O FINAL DO TRABALHO DE DISSERTA\u00c7\u00c3O\/TESE<\/a><\/p>\n<p>MODELO DE DECLARA\u00c7\u00c3O DE APROVA\u00c7\u00c3O DA VERS\u00c3O FINAL DO TRABALHO DE DISSERTA\u00c7\u00c3O\/TESE. O MODELO DEVE SER PREENCHIDO E ASSINADO PELO\/A ORIENTADOR\/A.<\/p>\n<p>&nbsp;<\/p>\n<p>ANEXOS DO EDITAL DE CONCESS\u00c3O DE BOLSAS<\/p>\n<p><a href=\"https:\/\/sites.ufal.br\/ppgll\/wp-content\/uploads\/2022\/05\/anexo_I.doc\" target=\"_blank\" rel=\"noopener\">ANEXO I<\/a> &#8211; <a href=\"https:\/\/fale.ufal.br\/ppgll\/wp-content\/uploads\/2023\/05\/Anexo-II-_-Chamada-Interna-Bolsas-Barema.docx\" target=\"_blank\" rel=\"noopener\">ANEXO II<\/a> &#8211; <a href=\"https:\/\/sites.ufal.br\/ppgll\/wp-content\/uploads\/2022\/05\/anexo_III.doc\" target=\"_blank\" rel=\"noopener\">ANEXO III<\/a> &#8211; <a href=\"https:\/\/sites.ufal.br\/ppgll\/wp-content\/uploads\/2022\/05\/anexo_IV.doc\" target=\"_blank\" rel=\"noopener\">ANEXO IV<\/a><\/p>\n<p>&nbsp;<\/p>\n<p><a href=\"https:\/\/sites.ufal.br\/ppgll\/wp-content\/uploads\/2022\/05\/modelo_declaracao_estudo_dirigido_1_ppgll_set20.doc\" target=\"_blank\" rel=\"noopener\">DECLARAC\u0327A\u0303O DE CUMPRIMENTO DO ESTUDO DIRIGIDO \u2013 PPGLL 110<\/a><\/p>\n<p>MODELO PARA DECLARAC\u0327A\u0303O DE CUMPRIMENTO DO ESTUDO DIRIGIDO \u2013 PPGLL 110<\/p>\n<p>&nbsp;<\/p>\n<p><a href=\"https:\/\/sites.ufal.br\/ppgll\/wp-content\/uploads\/2022\/05\/modelo_declaracao_estudo_dirigido_2_publicacao_ppgll_set20.doc\" target=\"_blank\" rel=\"noopener\">DECLARAC\u0327A\u0303O DE CUMPRIMENTO DO ESTUDO DIRIGIDO PARA PUBLICAC\u0327A\u0303O \u2013 PPGLL 111<\/a><\/p>\n<p>MODELO DE DECLARAC\u0327A\u0303O DE CUMPRIMENTO DO ESTUDO DIRIGIDO PARA PUBLICAC\u0327A\u0303O \u2013 PPGLL 111<\/p>\n<p>&nbsp;<\/p>\n<p><a href=\"https:\/\/sites.ufal.br\/ppgll\/wp-content\/uploads\/2022\/05\/modelo_solicitacao_dispensa_disciplina_ppgll_set20.doc\" target=\"_blank\" rel=\"noopener\">SOLICITAC\u0327A\u0303O DE DISPENSA DE DISCIPLINA OBRIGATO\u0301RIA NOS CURSOS DE MESTRADO E DOUTORADO DO PPGLL\/UFAL<\/a><\/p>\n<p>MODELO DE SOLICITAC\u0327A\u0303O DE DISPENSA DE DISCIPLINA OBRIGATO\u0301RIA NOS CURSOS DE MESTRADO E DOUTORADO DO PPGLL\/UFAL<\/p>\n<p>&nbsp;<\/p>\n<p><a href=\"https:\/\/sites.ufal.br\/ppgll\/wp-content\/uploads\/2022\/05\/R0118-PPGLL-Anexo1.docx\" target=\"_blank\" rel=\"noopener\">FORMULA\u0301RIO DE (RE)CREDENCIAMENTO DOCENTE<\/a><\/p>\n<p>ANEXO I DA RESOLU\u00c7\u00c3O 01\/2018 EM FORMATO EDIT\u00c1VEL.<\/p>\n<p>&nbsp;<\/p>\n<p><a href=\"https:\/\/sites.ufal.br\/ppgll\/wp-content\/uploads\/2022\/05\/R0118-PPGLL-Anexo2.docx\" target=\"_blank\" rel=\"noopener\">PLANO DE TRABALHO PARA CREDENCIAMENTO DOCENTE<\/a><\/p>\n<p>ANEXO II DA RESOLU\u00c7\u00c3O 01\/2018 EM FORMATO EDIT\u00c1VEL.<\/p>\n<p>&nbsp;<\/p>\n<p><a href=\"https:\/\/sites.ufal.br\/ppgll\/wp-content\/uploads\/2022\/05\/R0118-PPGLL-Anexo3.docx\" target=\"_blank\" rel=\"noopener\">RELATO\u0301RIO DE ATIVIDADES E PLANO SIMPLIFICADO DE ATIVIDADES PARA RECREDENCIAMENTO DOCENTE<\/a><\/p>\n<p>ANEXO III DA RESOLU\u00c7\u00c3O 01\/2018 EM FORMATO EDIT\u00c1VEL.<\/p>\n<p>&nbsp;<\/p>\n<p><a href=\"https:\/\/sites.ufal.br\/ppgll\/wp-content\/uploads\/2022\/05\/documento_Assinado_compromisso_matricula_2022.doc\" target=\"_blank\" rel=\"noopener\">DECLARA\u00c7\u00c3O DE COMPROMISSO &#8211; ENTREGA DE DIPLOMA PARA MATR\u00cdCULA INSTITUCIONAL<\/a><\/p>\n<p>MODELO DE DECLARA\u00c7\u00c3O DE COMPROMISSO EM ENTREGAR C\u00d3PIA DIGITALIZADA DE DIPLOMA \u00c0 SECRETARIA DO PPGLL NO PRAZO DE 90 DIAS AP\u00d3S A REALIZA\u00c7\u00c3O DA MATR\u00cdCULA INSTITUCIONAL.<\/p>\n<p>&nbsp;<\/p>\n<p><a href=\"https:\/\/sites.ufal.br\/ppgll\/wp-content\/uploads\/2022\/05\/Formulario-de-Acompanhamento-de-Atividades.pdf\" target=\"_blank\" rel=\"noopener\">FORMUL\u00c1RIO DE ACOMPANHAMENTO DE ATIVIDADES<\/a><\/p>\n<p>FORMUL\u00c1RIO PARA PREENCHIMENTO E COMPROVA\u00c7\u00c3O DE REALIZA\u00c7\u00c3O DE ATIVIDADES EM EVENTOS DO PPGLL (PARTICIPA\u00c7\u00c3O EM PALESTRAS, CONGRESSOS, ASSISTIR A BANCAS DE DEFESAS ETC.) PARA ALUNOS COM ENTRADA ANTERIOR A 2018.<\/p>\n<p>&nbsp;<\/p>\n<p>MODELO &#8211; <a href=\"https:\/\/fale.ufal.br\/ppgll\/wp-content\/uploads\/2022\/09\/MODELO-Interposicao-de-recurso-EDITAL-PPGLL-PROPEP-CPGUFAL-N.-04-2022.docx\">Recurso ao Edital PPGLL 04\/2022 &#8211; Aluno regular &#8211; Semestre 2023.1<\/a><\/p>\n<p>&nbsp;<\/p>\n<p><a href=\"https:\/\/fale.ufal.br\/ppgll\/wp-content\/uploads\/2024\/03\/MODELO-Interposicao-de-recurso-.doc\">MODELO &#8211; Recurso ao Edital ou \u00e0 Chamada Interna &#8211; PPGLL<\/a><\/p>\n<p>&nbsp;<\/p>\n<p>&nbsp;<\/p>\n<p><a href=\"https:\/\/fale.ufal.br\/ppgll\/wp-content\/uploads\/2024\/10\/MODELO-Interposicao-de-recurso-EDITAL-PPGLL-PROPEP-CPGUFAL-N.-03-2024.docx\">MODELO-Interposicao-de-recurso-EDITAL-PPGLL-PROPEP-CPGUFAL-N.-03-2024<\/a><\/p>\n<p><strong><a href=\"https:\/\/fale.ufal.br\/ppgll\/wp-content\/uploads\/2025\/10\/MODELO-Interposicao-de-recurso-EDITAL-PPGLL-PROPEP-CPGUFAL-N.-07-2025.docx\">MODELO-Interposicao-de-recurso-EDITAL-PPGLL-PROPEP-CPGUFAL-N.-07-2025 &#8211; SELE\u00c7\u00c3O 2026 &#8211; ALUNO REGULAR DE MESTRADO E DOUTORADO<\/a><\/strong><\/p>\n<p>&nbsp;<\/p>\n<p>&nbsp;<\/p>\n<p><a href=\"https:\/\/fale.ufal.br\/ppgll\/wp-content\/uploads\/2023\/08\/ORIENTACOES-PARA-DISCENTES-Como-acessar-pela-primeira-vez-o-SIGAA-.pdf\">ORIENTA\u00c7\u00d5ES PARA DISCENTES &#8211; Como acessar pela primeira vez o SIGAA-<\/a><\/p>\n<p><a href=\"https:\/\/fale.ufal.br\/ppgll\/wp-content\/uploads\/2024\/02\/MANUAL-DISCENTE-STRICTO-SENSU-.pdf\">MANUAL DISCENTE STRICTO SENSU &#8211; SIGAA<\/a><\/p>\n<p><a href=\"https:\/\/fale.ufal.br\/ppgll\/wp-content\/uploads\/2025\/04\/MANUAL-DOCENTE-E-ORIENTADOR-STRICTO-SENSU-2.pdf\">MANUAL DOCENTE E ORIENTADOR STRICTO SENSU &#8211; SIGAA<\/a><\/p>\n<p><a href=\"https:\/\/fale.ufal.br\/ppgll\/wp-content\/uploads\/2025\/04\/MANUAL-COORDENADOR-STRICTO-SENSU-ATUALIZADO.pdf\">MANUAL COORDENADOR STRICTO SENSU [ATUALIZADO] &#8211; SIGAA<\/a><\/p>\n<p>&nbsp;<\/p>\n","protected":false},"excerpt":{"rendered":"<p>MODELOS DIVERSOS. &nbsp; MODELO: MODELO DE RELAT\u00d3RIO DE ATIVIDADES SEMESTRAIS DE BOLSISTAS &#8211; JUL\/2024 &#8211;\u00a0Modelo_relat\u00f3rio atividades bolsistas MODELO DE RELAT\u00d3RIO [&hellip;]<\/p>\n","protected":false},"author":2,"featured_media":0,"parent":0,"menu_order":4,"comment_status":"closed","ping_status":"closed","template":"","meta":{"_acf_changed":false,"footnotes":""},"class_list":["post-1781","page","type-page","status-publish","hentry"],"acf":[],"_links":{"self":[{"href":"https:\/\/fale.ufal.br\/ppgll\/wp-json\/wp\/v2\/pages\/1781","targetHints":{"allow":["GET"]}}],"collection":[{"href":"https:\/\/fale.ufal.br\/ppgll\/wp-json\/wp\/v2\/pages"}],"about":[{"href":"https:\/\/fale.ufal.br\/ppgll\/wp-json\/wp\/v2\/types\/page"}],"author":[{"embeddable":true,"href":"https:\/\/fale.ufal.br\/ppgll\/wp-json\/wp\/v2\/users\/2"}],"replies":[{"embeddable":true,"href":"https:\/\/fale.ufal.br\/ppgll\/wp-json\/wp\/v2\/comments?post=1781"}],"version-history":[{"count":24,"href":"https:\/\/fale.ufal.br\/ppgll\/wp-json\/wp\/v2\/pages\/1781\/revisions"}],"predecessor-version":[{"id":4120,"href":"https:\/\/fale.ufal.br\/ppgll\/wp-json\/wp\/v2\/pages\/1781\/revisions\/4120"}],"wp:attachment":[{"href":"https:\/\/fale.ufal.br\/ppgll\/wp-json\/wp\/v2\/media?parent=1781"}],"curies":[{"name":"wp","href":"https:\/\/api.w.org\/{rel}","templated":true}]}}