{"id":250,"date":"2021-09-16T18:16:32","date_gmt":"2021-09-16T21:16:32","guid":{"rendered":"http:\/\/localhost\/ppgll\/?page_id=250"},"modified":"2022-05-12T01:21:19","modified_gmt":"2022-05-12T04:21:19","slug":"calendario","status":"publish","type":"page","link":"https:\/\/fale.ufal.br\/ppgll\/calendario\/","title":{"rendered":"Calend\u00e1rio de Qualifica\u00e7\u00e3o e Defesa"},"content":{"rendered":"","protected":false},"excerpt":{"rendered":"","protected":false},"author":1,"featured_media":0,"parent":0,"menu_order":14,"comment_status":"closed","ping_status":"closed","template":"tpl\/tpl-page-calendar.php","meta":{"_acf_changed":false,"footnotes":""},"class_list":["post-250","page","type-page","status-publish","hentry"],"acf":[],"_links":{"self":[{"href":"https:\/\/fale.ufal.br\/ppgll\/wp-json\/wp\/v2\/pages\/250","targetHints":{"allow":["GET"]}}],"collection":[{"href":"https:\/\/fale.ufal.br\/ppgll\/wp-json\/wp\/v2\/pages"}],"about":[{"href":"https:\/\/fale.ufal.br\/ppgll\/wp-json\/wp\/v2\/types\/page"}],"author":[{"embeddable":true,"href":"https:\/\/fale.ufal.br\/ppgll\/wp-json\/wp\/v2\/users\/1"}],"replies":[{"embeddable":true,"href":"https:\/\/fale.ufal.br\/ppgll\/wp-json\/wp\/v2\/comments?post=250"}],"version-history":[{"count":8,"href":"https:\/\/fale.ufal.br\/ppgll\/wp-json\/wp\/v2\/pages\/250\/revisions"}],"predecessor-version":[{"id":2387,"href":"https:\/\/fale.ufal.br\/ppgll\/wp-json\/wp\/v2\/pages\/250\/revisions\/2387"}],"wp:attachment":[{"href":"https:\/\/fale.ufal.br\/ppgll\/wp-json\/wp\/v2\/media?parent=250"}],"curies":[{"name":"wp","href":"https:\/\/api.w.org\/{rel}","templated":true}]}}