{"id":335,"date":"2021-09-17T13:57:46","date_gmt":"2021-09-17T16:57:46","guid":{"rendered":"http:\/\/localhost\/ppgll\/?page_id=335"},"modified":"2024-08-14T18:14:12","modified_gmt":"2024-08-14T21:14:12","slug":"grade-curricular","status":"publish","type":"page","link":"https:\/\/fale.ufal.br\/ppgll\/grade-curricular\/","title":{"rendered":"Grade curricular"},"content":{"rendered":"<p>A estrutura curricular do PPGLL, discutida com as diferentes linhas de pesquisa do Programa, a fim de contemplar suas particularidades, \u00e9 composta por disciplinas obrigat\u00f3rias e por um rol de disciplinas optativas que propicia a forma\u00e7\u00e3o espec\u00edfica de cada linha, garantindo, ao mesmo tempo, flexibilidade para sua atualiza\u00e7\u00e3o em termos de ementas, conte\u00fados e refer\u00eancias. Pretende-se, com isso, atender as caracter\u00edsticas e objetivos dos projetos desenvolvidos pelos docentes e discentes do Programa que s\u00e3o, por natureza, din\u00e2micos. Al\u00e9m disso, h\u00e1 2 disciplinas comuns para cada \u00e1rea (uma obrigat\u00f3ria e outra optativa) que t\u00eam por finalidade a integra\u00e7\u00e3o das linhas de pesquisa, articulando seus conte\u00fados particulares \u00e0 unidade da \u00e1rea \u00e0 qual pertencem.<\/p>\n<p>As disciplinas obrigat\u00f3rias representam o suporte acad\u00eamico indispens\u00e1vel ao desenvolvimento do Programa e aos estudos em n\u00edvel de Mestrado e Doutorado. A disciplina obrigat\u00f3ria para a \u00e1rea de Lingu\u00edstica \u00e9 Lingu\u00edstica Geral. A disciplina obrigat\u00f3ria para a \u00e1rea de Estudos Liter\u00e1rios \u00e9 Tend\u00eancias Cr\u00edticas nos Estudos Liter\u00e1rios.<\/p>\n<p>As disciplinas optativas comuns t\u00eam por objetivo discutir quest\u00f5es metodol\u00f3gicas pertinentes a cada uma das \u00e1reas, focando em t\u00e9cnicas de pesquisa voltadas elabora\u00e7\u00e3o do projeto definitivo e de trabalhos cient\u00edficos (disserta\u00e7\u00e3o ou tese, comunica\u00e7\u00e3o, artigo, resenha cr\u00edtica). A disciplina optativa comum para a \u00e1rea de Lingu\u00edstica \u00e9 Metodologias de Investiga\u00e7\u00e3o em Lingu\u00edstica. A disciplina optativa comum para a \u00e1rea de Estudos Liter\u00e1rios \u00e9 Perspectivas Metodol\u00f3gicas da Pesquisa em Literatura.<\/p>\n<p>As disciplinas optativas objetivam aprofundar o conhecimento dos p\u00f3s-graduandos em temas especializados referentes a cada linha de pesquisa do Programa. Dentro de um elenco de op\u00e7\u00f5es ofertadas &#8211; da linha de pesquisa do aluno e de outras linhas do Programa -, os p\u00f3s-graduandos elegem, com o aval do orientador, um conjunto de disciplinas pertinentes \u00e0s pesquisas que est\u00e3o realizando e\/ou que enrique\u00e7am sua forma\u00e7\u00e3o acad\u00eamica. Essas disciplinas est\u00e3o organizadas em 3 categorias: Estudos (60 h\/a), T\u00f3picos (60h\/a) e Semin\u00e1rios (30h\/a). Estudos voltam-se \u00e0 apresenta\u00e7\u00e3o geral do conte\u00fado especificado; T\u00f3picos orientam-se para a discuss\u00e3o de um t\u00f3pico tratado de forma ampla nos Estudos ou nas disciplinas comuns; Semin\u00e1rios s\u00e3o destinados \u00e0 atualiza\u00e7\u00e3o de discuss\u00e3o de um aspecto espec\u00edfico recortado pelo professor.<\/p>\n<p>H\u00e1 ainda atividades curriculares obrigat\u00f3rias todos os discentes do PPGLL para, quais sejam:(i) Profici\u00eancia de L\u00edngua Estrangeira (1 para mestrado e 2 para doutorado), que permite computar a aprova\u00e7\u00e3o ou dispensa em provas de profici\u00eancia em L\u00edngua Estrangeira para alunos de mestrado e de doutorado; (ii) Horas Complementares (15 horas), que permitem computar diversas atividades acad\u00eamicas, tais como participa\u00e7\u00e3o em eventos cient\u00edficos, publica\u00e7\u00f5es e produ\u00e7\u00f5es t\u00e9cnicas; (iii) Exame de Qualifica\u00e7\u00e3o, que permite computar a avalia\u00e7\u00e3o de trabalhos de disserta\u00e7\u00e3o e de tese em andamento; (iv) Produc\u0327a\u0303o Cienti\u0301fica, que permite integralizar produ\u00e7\u00e3o acad\u00eamica realizada durante o per\u00edodo de estudos: dois artigos publicados em peri\u00f3dicos (para alunos do doutorado) e um artigo publicado em peri\u00f3dico ou dois trabalhos publicados em anais de eventos cient\u00edficos (para alunos do mestrado); (v) Defesa de Disserta\u00e7\u00e3o, que permite computar a defesa e aprova\u00e7\u00e3o do trabalho de mestrado; (vi) Defesa de Tese, que permite computar a defesa e aprova\u00e7\u00e3o do trabalho de doutorado.<\/p>\n<p>O ordenamento curricular em vig\u00eancia pode ser consultado abaixo.<\/p>\n","protected":false},"excerpt":{"rendered":"<p>A estrutura curricular do PPGLL, discutida com as diferentes linhas de pesquisa do Programa, a fim de contemplar suas particularidades, [&hellip;]<\/p>\n","protected":false},"author":1,"featured_media":0,"parent":0,"menu_order":12,"comment_status":"closed","ping_status":"closed","template":"tpl\/tpl-page-curriculum.php","meta":{"_acf_changed":false,"footnotes":""},"class_list":["post-335","page","type-page","status-publish","hentry"],"acf":[],"_links":{"self":[{"href":"https:\/\/fale.ufal.br\/ppgll\/wp-json\/wp\/v2\/pages\/335","targetHints":{"allow":["GET"]}}],"collection":[{"href":"https:\/\/fale.ufal.br\/ppgll\/wp-json\/wp\/v2\/pages"}],"about":[{"href":"https:\/\/fale.ufal.br\/ppgll\/wp-json\/wp\/v2\/types\/page"}],"author":[{"embeddable":true,"href":"https:\/\/fale.ufal.br\/ppgll\/wp-json\/wp\/v2\/users\/1"}],"replies":[{"embeddable":true,"href":"https:\/\/fale.ufal.br\/ppgll\/wp-json\/wp\/v2\/comments?post=335"}],"version-history":[{"count":22,"href":"https:\/\/fale.ufal.br\/ppgll\/wp-json\/wp\/v2\/pages\/335\/revisions"}],"predecessor-version":[{"id":3507,"href":"https:\/\/fale.ufal.br\/ppgll\/wp-json\/wp\/v2\/pages\/335\/revisions\/3507"}],"wp:attachment":[{"href":"https:\/\/fale.ufal.br\/ppgll\/wp-json\/wp\/v2\/media?parent=335"}],"curies":[{"name":"wp","href":"https:\/\/api.w.org\/{rel}","templated":true}]}}