{"id":74,"date":"2021-09-15T20:45:31","date_gmt":"2021-09-15T23:45:31","guid":{"rendered":"http:\/\/localhost\/ppgll\/?page_id=74"},"modified":"2022-10-03T17:26:31","modified_gmt":"2022-10-03T20:26:31","slug":"historico","status":"publish","type":"page","link":"https:\/\/fale.ufal.br\/ppgll\/apresentacao\/historico\/","title":{"rendered":"Hist\u00f3rico"},"content":{"rendered":"<p>A Universidade Federal de Alagoas (UFAL), fundada em 1961, tem entre as suas unidades de ensino e pesquisa o Instituto de Ci\u00eancias Humanas, Comunica\u00e7\u00e3o e Artes (ICHCA), antigo Centro de Ci\u00eancias Humanas, Letras e Artes (CHLA). Entre as atividades do antigo CHLA, destacou-se a oferta do Curso de Gradua\u00e7\u00e3o em Letras, funcionando plenamente desde 1952.<\/p>\n<p>As pesquisas desenvolvidas na \u00e1rea de Letras, concernentes ao uso da L\u00edngua Portuguesa em situa\u00e7\u00f5es de ensino e aos estudos em Literatura Brasileira, aliadas \u00e0s necessidades de renova\u00e7\u00e3o do ensino de gradua\u00e7\u00e3o, levaram, de in\u00edcio, \u00e0 cria\u00e7\u00e3o de Cursos de P\u00f3s-Gradua\u00e7\u00e3o \u201clato sensu\u201d, em n\u00edvel de Especializa\u00e7\u00e3o. Posteriormente implantou-se, na gest\u00e3o do Professor Fernando Gama, como reitor, em 1989, o Curso de P\u00f3s-Gradua\u00e7\u00e3o &#8220;stricto sensu&#8221;, o Mestrado em Letras (CML), criado pelo Conselho de Ensino e Pesquisa (CEPE) da UFAL, em 1997 e recomendado pela CAPES em 1990.<\/p>\n<p>O Mestrado em Letras obteve inicialmente o conceito &#8220;C&#8221;, na avalia\u00e7\u00e3o da CAPES, no bi\u00eanio 1992\/1993. Foi credenciado pelo Conselho Federal de Educa\u00e7\u00e3o (CFE) em 5 de setembro de 1994, atrav\u00e9s do Parecer 625\/94. Na avalia\u00e7\u00e3o dos bi\u00eanios 1994\/1995 e 1996\/1997, pela CAPES, obteve o conceito &#8220;B\u201d.<\/p>\n<p>O Doutorado em Letras, criado em 1991 e implantado em 1995, teve a primeira turma selecionada em 1995 e foi recomendado pela CAPES em 1999. Constituiu-se, assim, o Programa de P\u00f3s-Gradua\u00e7\u00e3o em Letras e Ling\u00fc\u00edstica (PPGLL).<\/p>\n<p>Na avalia\u00e7\u00e3o da CAPES de 2001, o PPGLL (Mestrado e Doutorado) obteve conceito &#8220;B&#8221;.<\/p>\n<p>Em sua fase inicial, o Mestrado em Letras dividia-se em duas \u00c1reas de Concentra\u00e7\u00e3o: L\u00edngua Portuguesa e Literatura Brasileira. Com a implanta\u00e7\u00e3o do Doutorado, a reformula\u00e7\u00e3o da estrutura curricular anterior e a evolu\u00e7\u00e3o dos estudos ling\u00fc\u00edsticos, a \u00c1rea de Ling\u00fc\u00edstica substituiu a de L\u00edngua Portuguesa. A \u00c1rea de Literatura Brasileira permaneceu como estava.<\/p>\n<p>Em 2004, respondendo a uma demanda antiga, iniciada a partir do Curso de Especializa\u00e7\u00e3o em Ensino\/ Aprendizagem de L\u00ednguas Estrangeiras (CEEALE), oferecido pelo Departamento de Letras Estrangeiras Modernas (LEM), o PPGLL decidiu abrir uma terceira \u00c1rea de Concentra\u00e7\u00e3o, nomeada de Ingl\u00eas: Ensino e Literaturas.<\/p>\n<blockquote><p>Atualmente, o programa conta com duas \u00e1reas: Lingu\u00edstica e Estudos Liter\u00e1rios.<\/p><\/blockquote>\n","protected":false},"excerpt":{"rendered":"<p>A Universidade Federal de Alagoas (UFAL), fundada em 1961, tem entre as suas unidades de ensino e pesquisa o Instituto [&hellip;]<\/p>\n","protected":false},"author":1,"featured_media":0,"parent":55,"menu_order":19,"comment_status":"closed","ping_status":"closed","template":"tpl\/tpl-page-about.php","meta":{"_acf_changed":false,"footnotes":""},"class_list":["post-74","page","type-page","status-publish","hentry"],"acf":[],"_links":{"self":[{"href":"https:\/\/fale.ufal.br\/ppgll\/wp-json\/wp\/v2\/pages\/74","targetHints":{"allow":["GET"]}}],"collection":[{"href":"https:\/\/fale.ufal.br\/ppgll\/wp-json\/wp\/v2\/pages"}],"about":[{"href":"https:\/\/fale.ufal.br\/ppgll\/wp-json\/wp\/v2\/types\/page"}],"author":[{"embeddable":true,"href":"https:\/\/fale.ufal.br\/ppgll\/wp-json\/wp\/v2\/users\/1"}],"replies":[{"embeddable":true,"href":"https:\/\/fale.ufal.br\/ppgll\/wp-json\/wp\/v2\/comments?post=74"}],"version-history":[{"count":10,"href":"https:\/\/fale.ufal.br\/ppgll\/wp-json\/wp\/v2\/pages\/74\/revisions"}],"predecessor-version":[{"id":2629,"href":"https:\/\/fale.ufal.br\/ppgll\/wp-json\/wp\/v2\/pages\/74\/revisions\/2629"}],"up":[{"embeddable":true,"href":"https:\/\/fale.ufal.br\/ppgll\/wp-json\/wp\/v2\/pages\/55"}],"wp:attachment":[{"href":"https:\/\/fale.ufal.br\/ppgll\/wp-json\/wp\/v2\/media?parent=74"}],"curies":[{"name":"wp","href":"https:\/\/api.w.org\/{rel}","templated":true}]}}