{"id":90,"date":"2021-09-15T20:55:02","date_gmt":"2021-09-15T23:55:02","guid":{"rendered":"http:\/\/localhost\/ppgll\/?page_id=90"},"modified":"2022-10-03T17:27:50","modified_gmt":"2022-10-03T20:27:50","slug":"missao","status":"publish","type":"page","link":"https:\/\/fale.ufal.br\/ppgll\/apresentacao\/missao\/","title":{"rendered":"Miss\u00e3o"},"content":{"rendered":"<p>O PPGLL tem como miss\u00e3o formar com excel\u00eancia acad\u00eamica pesquisadores nas \u00e1reas de concentra\u00e7\u00e3o de Estudos Lingu\u00edsticos e Estudos Liter\u00e1rios para o exerc\u00edcio da doc\u00eancia e da pesquisa qualificados e para a divulga\u00e7\u00e3o da produ\u00e7\u00e3o cient\u00edfica de qualidade nestas \u00e1reas, visando atingir contextos sociais mais amplos.<\/p>\n","protected":false},"excerpt":{"rendered":"<p>O PPGLL tem como miss\u00e3o formar com excel\u00eancia acad\u00eamica pesquisadores nas \u00e1reas de concentra\u00e7\u00e3o de Estudos Lingu\u00edsticos e Estudos Liter\u00e1rios [&hellip;]<\/p>\n","protected":false},"author":1,"featured_media":0,"parent":55,"menu_order":26,"comment_status":"closed","ping_status":"closed","template":"tpl\/tpl-page-about.php","meta":{"_acf_changed":false,"footnotes":""},"class_list":["post-90","page","type-page","status-publish","hentry"],"acf":[],"_links":{"self":[{"href":"https:\/\/fale.ufal.br\/ppgll\/wp-json\/wp\/v2\/pages\/90","targetHints":{"allow":["GET"]}}],"collection":[{"href":"https:\/\/fale.ufal.br\/ppgll\/wp-json\/wp\/v2\/pages"}],"about":[{"href":"https:\/\/fale.ufal.br\/ppgll\/wp-json\/wp\/v2\/types\/page"}],"author":[{"embeddable":true,"href":"https:\/\/fale.ufal.br\/ppgll\/wp-json\/wp\/v2\/users\/1"}],"replies":[{"embeddable":true,"href":"https:\/\/fale.ufal.br\/ppgll\/wp-json\/wp\/v2\/comments?post=90"}],"version-history":[{"count":11,"href":"https:\/\/fale.ufal.br\/ppgll\/wp-json\/wp\/v2\/pages\/90\/revisions"}],"predecessor-version":[{"id":2630,"href":"https:\/\/fale.ufal.br\/ppgll\/wp-json\/wp\/v2\/pages\/90\/revisions\/2630"}],"up":[{"embeddable":true,"href":"https:\/\/fale.ufal.br\/ppgll\/wp-json\/wp\/v2\/pages\/55"}],"wp:attachment":[{"href":"https:\/\/fale.ufal.br\/ppgll\/wp-json\/wp\/v2\/media?parent=90"}],"curies":[{"name":"wp","href":"https:\/\/api.w.org\/{rel}","templated":true}]}}